{"id":6,"date":"2023-05-24T22:37:30","date_gmt":"2023-05-24T22:37:30","guid":{"rendered":"https:\/\/ivanfernandez.mx\/?page_id=6"},"modified":"2023-05-25T00:37:12","modified_gmt":"2023-05-25T00:37:12","slug":"ivan-fernandez-estudio","status":"publish","type":"page","link":"https:\/\/ivanfernandez.mx\/","title":{"rendered":"Iv\u00e1n Fern\u00e1ndez Estudio"},"content":{"rendered":"\n<div class=\"wp-block-stackable-columns alignfull stk-block-columns stk-block stk-26773e6\" data-block-id=\"26773e6\"><style>.stk-26773e6{margin-bottom:-41px !important}.stk-26773e6{top:-35px !important;bottom:-63px !important}<\/style><div class=\"stk-row stk-inner-blocks stk-block-content stk-content-align stk-26773e6-column alignfull\">\n<div class=\"wp-block-stackable-column stk-block-column stk-column stk-block stk-60ba199 stk-block-background\" data-block-id=\"60ba199\"><style>.stk-60ba199{background-color:#c9c2b1 !important}.stk-60ba199:before{background-color:#c9c2b1 !important}.stk-60ba199 .stk-block-column__content{padding-top:48px !important;padding-right:48px !important;padding-bottom:48px !important;padding-left:48px !important}@media screen and (max-width:767px){.stk-60ba199 .stk-block-column__content{padding-top:24px !important;padding-right:24px !important;padding-bottom:24px !important;padding-left:24px !important}}<\/style><div class=\"stk-column-wrapper stk-block-column__content stk-container stk-60ba199-container stk--no-background stk--no-padding\"><div class=\"stk-block-content stk-inner-blocks\">\n<div class=\"wp-block-stackable-columns stk-block-columns stk-block stk-5d898c1\" data-block-id=\"5d898c1\"><style>.stk-5d898c1-column{--stk-column-gap:48px !important;row-gap:32px !important}<\/style><div class=\"stk-row stk-inner-blocks stk-block-content stk-content-align stk-5d898c1-column\">\n<div class=\"wp-block-stackable-column stk-block-column stk-column stk-block stk-434e7d8\" data-block-id=\"434e7d8\"><style>@media screen and (min-width:768px){.stk-434e7d8{flex:1 1 calc(10.1% - var(--stk-column-gap,0px) * 3 \/ 4 ) !important}}<\/style><div class=\"stk-column-wrapper stk-block-column__content stk-container stk-434e7d8-container stk--no-background stk--no-padding\"><div class=\"stk-block-content stk-inner-blocks\"><\/div><\/div><\/div>\n\n\n\n<div class=\"wp-block-stackable-column stk-block-column stk-column stk-block stk-0a35617\" data-block-id=\"0a35617\"><style>@media screen and (min-width:768px){.stk-0a35617{flex:1 1 calc(29.6% - var(--stk-column-gap,0px) * 3 \/ 4 ) !important}}@media screen and (min-width:768px) and (max-width:1023px){.stk-0a35617{flex:0 1 calc(100% - var(--stk-column-gap,0px) * 0 \/ 1 ) !important}}.stk-0a35617 .stk-block-column__content{padding-top:0px !important;padding-right:0px !important;padding-bottom:0px !important;padding-left:0px !important;display:flex !important}.stk-0a35617 .stk-block-column__content{align-items:center !important}.stk-0a35617-container{margin-top:0px !important;margin-right:0px !important;margin-bottom:0px !important;margin-left:0px !important}<\/style><div class=\"stk-column-wrapper stk-block-column__content stk-container stk-0a35617-container stk--no-background stk--no-padding\"><div class=\"stk-block-content stk-inner-blocks\">\n<div class=\"wp-block-stackable-heading stk-block-heading stk-block stk-aa1121b\" id=\"ivan-fernandez\" data-block-id=\"aa1121b\"><style>.stk-aa1121b .stk-block-heading__text{letter-spacing:3.3px !important}<\/style><h1 class=\"stk-block-heading__text has-text-align-center\">IV\u00c1N FERN\u00c1NDEZ<\/h1><\/div>\n\n\n\n<div class=\"wp-block-stackable-heading stk-block-heading stk-block stk-a4c3cfb\" id=\"estudio\" data-block-id=\"a4c3cfb\"><style>.stk-a4c3cfb{top:-52px !important}.stk-a4c3cfb .stk-block-heading__text{font-family:\"HE\",Sans-serif !important;letter-spacing:3.3px !important}<\/style><h5 class=\"stk-block-heading__text has-text-align-center\">ESTUDIO<\/h5><\/div>\n\n\n\n<div class=\"wp-block-stackable-text stk-block-text stk-block stk-200c405\" data-block-id=\"200c405\"><p class=\"stk-block-text__text has-text-align-center\">El sitio se encuentra en construcci\u00f3n. No olvides seguirnos en nuestras redes sociales.<\/p><\/div>\n\n\n\n<div class=\"wp-block-stackable-button-group stk-block-button-group stk-block stk-b8f937c\" data-block-id=\"b8f937c\"><div class=\"stk-row stk-inner-blocks has-text-align-center stk-block-content stk-button-group\">\n<div class=\"wp-block-stackable-button stk-block-button has-text-align-right stk-block stk-ff8e086\" data-block-id=\"ff8e086\"><style>.stk-ff8e086 .stk-button{background:#9eade5 !important}<\/style><a class=\"stk-link stk-button stk--hover-effect-darken\" href=\"https:\/\/www.instagram.com\/ivanfeernandez\/?hl=en\" title=\"Instagram\" target=\"_blank\" rel=\"noopener\"><span class=\"stk-button__inner-text\">Instagram<\/span><\/a><\/div>\n<\/div><\/div>\n<\/div><\/div><\/div>\n\n\n\n<div class=\"wp-block-stackable-column stk-block-column stk-column stk-block stk-2289e8a\" data-block-id=\"2289e8a\"><style>@media screen and (min-width:768px){.stk-2289e8a{flex:1 1 calc(44.1% - var(--stk-column-gap,0px) * 3 \/ 4 ) !important}}@media screen and (min-width:768px) and (max-width:1023px){.stk-2289e8a{flex:0 1 calc(100% - var(--stk-column-gap,0px) * 0 \/ 1 ) !important}}.stk-2289e8a .stk-block-column__content{padding-top:0px !important;padding-right:0px !important;padding-bottom:0px !important;padding-left:0px !important}.stk-2289e8a-container{margin-top:0px !important;margin-right:0px !important;margin-bottom:0px !important;margin-left:0px !important}<\/style><div class=\"stk-column-wrapper stk-block-column__content stk-container stk-2289e8a-container stk--no-background stk--no-padding\"><div class=\"stk-block-content stk-inner-blocks\">\n<div class=\"wp-block-stackable-image stk-block-image stk-block stk-ace1e37\" data-block-id=\"ace1e37\"><style>.stk-ace1e37 .stk-img-wrapper{width:100% !important;height:950px !important}@media screen and (max-width:767px){.stk-ace1e37 .stk-img-wrapper{width:100% !important;height:370px !important}}<\/style><figure class=\"stk-img-wrapper stk-image--shape-stretch\"><img decoding=\"async\" loading=\"lazy\" class=\"stk-img wp-image-18\" src=\"https:\/\/ivanfernandez.mx\/wp-content\/uploads\/2023\/05\/MicrosoftTeams-image-12.jpg\" width=\"960\" height=\"1200\" srcset=\"https:\/\/ivanfernandez.mx\/wp-content\/uploads\/2023\/05\/MicrosoftTeams-image-12.jpg 960w, https:\/\/ivanfernandez.mx\/wp-content\/uploads\/2023\/05\/MicrosoftTeams-image-12-240x300.jpg 240w, https:\/\/ivanfernandez.mx\/wp-content\/uploads\/2023\/05\/MicrosoftTeams-image-12-819x1024.jpg 819w, https:\/\/ivanfernandez.mx\/wp-content\/uploads\/2023\/05\/MicrosoftTeams-image-12-768x960.jpg 768w\" sizes=\"(max-width: 960px) 100vw, 960px\" \/><\/figure><\/div>\n<\/div><\/div><\/div>\n\n\n\n<div class=\"wp-block-stackable-column stk-block-column stk-column stk-block stk-f57ce9a\" data-block-id=\"f57ce9a\"><style>@media screen and (min-width:768px){.stk-f57ce9a{flex:1 1 calc(16.2% - var(--stk-column-gap,0px) * 3 \/ 4 ) !important}}<\/style><div class=\"stk-column-wrapper stk-block-column__content stk-container stk-f57ce9a-container stk--no-background stk--no-padding\"><div class=\"stk-block-content stk-inner-blocks\"><\/div><\/div><\/div>\n<\/div><\/div>\n<\/div><\/div><\/div>\n<\/div><\/div>\n\n\n\n<p><\/p>\n","protected":false},"excerpt":{"rendered":"<p>IV\u00c1N FERN\u00c1NDEZ ESTUDIO El sitio se encuentra en construcci\u00f3n. No olvides seguirnos en nuestras redes sociales. Instagram<\/p>\n","protected":false},"author":1,"featured_media":0,"parent":0,"menu_order":0,"comment_status":"closed","ping_status":"closed","template":"","meta":{"_coblocks_attr":"","_coblocks_dimensions":"","_coblocks_responsive_height":"","_coblocks_accordion_ie_support":"","site-sidebar-layout":"default","site-content-layout":"default","ast-global-header-display":"","ast-banner-title-visibility":"","ast-main-header-display":"","ast-hfb-above-header-display":"","ast-hfb-below-header-display":"","ast-hfb-mobile-header-display":"","site-post-title":"disabled","ast-breadcrumbs-content":"","ast-featured-img":"","footer-sml-layout":"","theme-transparent-header-meta":"","adv-header-id-meta":"","stick-header-meta":"","header-above-stick-meta":"","header-main-stick-meta":"","header-below-stick-meta":""},"featured_image_urls":{"full":"","thumbnail":"","medium":"","medium_large":"","large":"","1536x1536":"","2048x2048":""},"post_excerpt_stackable":"<p>IV\u00c1N FERN\u00c1NDEZ ESTUDIO El sitio se encuentra en construcci\u00f3n. No olvides seguirnos en nuestras redes sociales. Instagram<\/p>\n","category_list":"","author_info":{"name":"Ivan","url":"https:\/\/ivanfernandez.mx\/author\/ivan\/"},"comments_num":"0 comments","_links":{"self":[{"href":"https:\/\/ivanfernandez.mx\/index.php\/wp-json\/wp\/v2\/pages\/6"}],"collection":[{"href":"https:\/\/ivanfernandez.mx\/index.php\/wp-json\/wp\/v2\/pages"}],"about":[{"href":"https:\/\/ivanfernandez.mx\/index.php\/wp-json\/wp\/v2\/types\/page"}],"author":[{"embeddable":true,"href":"https:\/\/ivanfernandez.mx\/index.php\/wp-json\/wp\/v2\/users\/1"}],"replies":[{"embeddable":true,"href":"https:\/\/ivanfernandez.mx\/index.php\/wp-json\/wp\/v2\/comments?post=6"}],"version-history":[{"count":49,"href":"https:\/\/ivanfernandez.mx\/index.php\/wp-json\/wp\/v2\/pages\/6\/revisions"}],"predecessor-version":[{"id":83,"href":"https:\/\/ivanfernandez.mx\/index.php\/wp-json\/wp\/v2\/pages\/6\/revisions\/83"}],"wp:attachment":[{"href":"https:\/\/ivanfernandez.mx\/index.php\/wp-json\/wp\/v2\/media?parent=6"}],"curies":[{"name":"wp","href":"https:\/\/api.w.org\/{rel}","templated":true}]}}